{"id":262,"date":"2021-02-12T00:30:12","date_gmt":"2021-02-11T23:30:12","guid":{"rendered":"http:\/\/www.stems.cnr.it\/?page_id=262"},"modified":"2022-10-21T18:07:13","modified_gmt":"2022-10-21T16:07:13","slug":"napoli-2","status":"publish","type":"page","link":"http:\/\/www.stems.cnr.it\/?page_id=262","title":{"rendered":"Napoli"},"content":{"rendered":"\n<p><\/p>\n\n\n\n<h4 class=\"has-text-align-center\">BIBLIOTECA &#8220;LEOPOLDO MASSIMILLA&#8221;<\/h4>\n\n\n\n<p>La raccolta di volumi e riviste dell&#8217;Istituto di Ricerche sulla Combustione e del Dipartimento di Ingegneria Chimica &#8211; Universit\u00e0 Federico II costituiscono la biblioteca intitolata al Prof. Leopoldo Massimilla.<\/p>\n\n\n\n<p>Essa \u00e8 situata al secondo piano dell&#8217;ala destra della Facolt\u00e0 di Ingegneria in Piazzale Vincenzo Tecchio 80 &#8211; Napoli.<\/p>\n\n\n\n<p>L&#8217;indice dei volumi e riviste \u00e8 disponibile <em>on-line<\/em> nel sito del sistema bibliotecario UNINA:<\/p>\n\n\n\n<p><\/p>\n\n\n\n<h4 class=\"has-black-color has-text-color\"><em><a rel=\"noreferrer noopener\" href=\"http:\/\/www.biblio.unina.it\/\" target=\"_blank\"><span style=\"color:#002f5f\" class=\"tadv-color\">Sistema Bibliotecario&nbsp;<\/span><\/a><\/em><\/h4>\n\n\n\n<p><\/p>\n\n\n\n<h4 class=\"has-text-align-center has-black-color has-text-color\"><a rel=\"noreferrer noopener\" href=\"http:\/\/www.bice.rm.cnr.it\" target=\"_blank\"><u><span style=\"color:#002f5f\" class=\"tadv-color\">BIBLIOTECA CENTRALE &#8220;GUGLIELMO MARCONI&#8221; DEL CNR<\/span><\/u><\/a><\/h4>\n\n\n\n<p class=\"has-text-align-center\">P.le Aldo Moro 7 00185 Roma<\/p>\n\n\n<p style=\"text-align: justify;\">La Biblioteca Centrale del CNR, fondata nel 1927, e&#8217; la maggiore biblioteca scientifico-tecnica italiana. Dal 1991 e&#8217; Biblioteca Depositaria della Commissione dell&#8217;Unione Europea. Il patrimonio bibliografico attualmente a disposizione degli studiosi consiste in circa un milione di volumi (di cui circa 100.000 di antiquariato scientifico) e oltre 10.000 testate di periodici, di cui 3000 correnti, oltre 60 banche dati su cd rom e circa 1.200 banche dati on line.<\/p>\n\n\n<h4 class=\"has-text-align-center\"><a href=\"http:\/\/biblioproxy.cnr.it\/login\" target=\"_blank\" rel=\"noreferrer noopener\"><u><span style=\"color:#002f5f\" class=\"tadv-color\">ACCESSO ALLE RISORSE&nbsp;BIBLIOGRAFICHE CNR<\/span><\/u><\/a><\/h4>\n\n\n<p style=\"text-align: justify;\">Accesso alle risorse bibliografiche (periodici elettronici, banche dati, e-books) acquisite centralmente dal CNR (anche da postazioni di lavoro esterne a quelle del proprio Istituto).<\/p>\n\n\n<p><\/p>\n ","protected":false},"excerpt":{"rendered":"<p>BIBLIOTECA &#8220;LEOPOLDO MASSIMILLA&#8221; La raccolta di volumi e riviste dell&#8217;Istituto di Ricerche sulla Combustione e del Dipartimento di Ingegneria Chimica &#8211; Universit\u00e0 Federico II costituiscono la biblioteca intitolata al Prof. Leopoldo Massimilla. Essa \u00e8 situata al secondo piano dell&#8217;ala destra della Facolt\u00e0 di Ingegneria in Piazzale Vincenzo Tecchio 80 &#8211; Napoli. L&#8217;indice dei volumi e<\/p>\n","protected":false},"author":1,"featured_media":0,"parent":225,"menu_order":0,"comment_status":"closed","ping_status":"closed","template":"page-fullwidth.php","meta":[],"_links":{"self":[{"href":"http:\/\/www.stems.cnr.it\/index.php?rest_route=\/wp\/v2\/pages\/262"}],"collection":[{"href":"http:\/\/www.stems.cnr.it\/index.php?rest_route=\/wp\/v2\/pages"}],"about":[{"href":"http:\/\/www.stems.cnr.it\/index.php?rest_route=\/wp\/v2\/types\/page"}],"author":[{"embeddable":true,"href":"http:\/\/www.stems.cnr.it\/index.php?rest_route=\/wp\/v2\/users\/1"}],"replies":[{"embeddable":true,"href":"http:\/\/www.stems.cnr.it\/index.php?rest_route=%2Fwp%2Fv2%2Fcomments&post=262"}],"version-history":[{"count":40,"href":"http:\/\/www.stems.cnr.it\/index.php?rest_route=\/wp\/v2\/pages\/262\/revisions"}],"predecessor-version":[{"id":1879,"href":"http:\/\/www.stems.cnr.it\/index.php?rest_route=\/wp\/v2\/pages\/262\/revisions\/1879"}],"up":[{"embeddable":true,"href":"http:\/\/www.stems.cnr.it\/index.php?rest_route=\/wp\/v2\/pages\/225"}],"wp:attachment":[{"href":"http:\/\/www.stems.cnr.it\/index.php?rest_route=%2Fwp%2Fv2%2Fmedia&parent=262"}],"curies":[{"name":"wp","href":"https:\/\/api.w.org\/{rel}","templated":true}]}}