{"id":3,"date":"2020-12-03T17:50:42","date_gmt":"2020-12-03T16:50:42","guid":{"rendered":"http:\/\/localhost\/wordpress\/?page_id=3"},"modified":"2021-11-24T15:50:24","modified_gmt":"2021-11-24T14:50:24","slug":"privacy-policy","status":"publish","type":"page","link":"http:\/\/www.stems.cnr.it\/?page_id=3","title":{"rendered":"Trasparenza&#038;Privacy"},"content":{"rendered":"\n<p style=\"text-align: justify;\">La presente Privacy Policy \u00e8 resa nel rispetto dell\u2019articolo 13 del GDPR 2016\/679 (General Data Protection Regulation, Regolamento europeo in materia di protezione dei dati personali), della Raccomandazione n. 2\/2001 del Gruppo di lavoro ex art. 29 e del Provvedimento generale del Garante Privacy in materia di cookie dell\u20198 maggio 2014, n. 229.<\/p>\n\n\n\n<h2><strong>Informativa per il trattamento dei dati personali (resa ai sensi degli artt.13 e 14 del Regolamento UE 2016\/679)<\/strong><\/h2>\n\n\n\n<p>In base a quanto disposto dal Regolamento Ue 2016\/679:<\/p>\n\n\n\n<div class=\"wp-block-group\"><div class=\"wp-block-group__inner-container\">\n<ul>\n<li style=\"text-align: justify;\">Il trattamento dei dati personali \u00e8 finalizzato unicamente all&#8217;utilizzo dei servizi offerti ed \u00e8 strettamente connesso allo svolgimento delle attivit\u00e0 istituzionali.<\/li>\n<li style=\"text-align: justify;\">Secondo la normativa indicata, tale trattamento sar\u00e0 improntato ai principi di correttezza, liceit\u00e0, trasparenza e di tutela della riservatezza;<\/li>\n<li style=\"text-align: justify;\">Il trattamento dei dati sar\u00e0 effettuato attraverso strumenti informatici e telematici, con modalit\u00e0 di organizzazione ed elaborazione dei di dati, correlate alle finalit\u00e0 sopra indicate e, comunque, in modo da garantirne la riservatezza e l&#8217;integrit\u00e0; speciali misure di sicurezza sono osservate per prevenire la perdita dei dati, usi illeciti o non corretti ed accessi non autorizzati.<\/li>\n<li style=\"text-align: justify;\">Per l\u2019utilizzo dei servizi della Intranet di Istituto il conferimento dei dati \u00e8 obbligatorio. Il mancato conferimento dei dati comporter\u00e0 l\u2019impossibilit\u00e0 per l\u2019utente di utilizzare i servizi.<\/li>\n<li style=\"text-align: justify;\">I dati stessi non saranno comunicati a terzi, n\u00e9 saranno oggetto di diffusione;<\/li>\n<li style=\"text-align: justify;\">I collegamenti a siti esterni sono forniti come semplice servizio agli utenti, con esclusione di ogni responsabilit\u00e0 rispetto alla completezza e alla correttezza delle informazioni fornite nei siti stessi. Il Titolare e il gestore del sito non ha infatti alcun potere di controllo sui contenuti o sul loro utilizzo e sulla qualit\u00e0 e completezza delle informazioni di siti esterni le cui responsabilit\u00e0 ricadono direttamente sui relativi titolari e\/o responsabili.<\/li>\n<\/ul>\n\n\n\n<p><\/p>\n<\/div><\/div>\n\n\n\n<p><\/p>\n\n\n\n<h2><strong>Diritti degli interessati<\/strong><\/h2>\n\n\n\n<ul><li>Gli interessati hanno il diritto di ottenere dal Garante, se del caso, l&#8217;accesso ai propri dati personali nonch\u00e9 la rettifica o cancellazione di tali dati o la limitazione del loro trattamento e di opporsi al loro trattamento (ai sensi degli articoli da 15 a 22 del regolamento), oppure di avviare un procedimento giudiziario contro il Garante ai sensi dell&#8217;articolo 79 del regolamento.<\/li><\/ul>\n\n\n\n<ul><li>Se una persona interessata ritiene che il trattamento di dati personali che lo riguardano come eseguito attraverso questo sito web viola il regolamento, ha il diritto di presentare un reclamo presso il Garante ai sensi dell&#8217;articolo 77 del regolamento, o di portare un procedimento giudiziario contro il Garante ai sensi dell&#8217;articolo 79 del regolamento.<\/li><\/ul>\n\n\n\n<p><\/p>\n\n\n\n<p><\/p>\n\n\n\n<h2><strong>Cookies<\/strong><\/h2>\n\n\n\n<p><strong>Informativa sui Cookies<\/strong><\/p>\n\n\n<ul>\n<li style=\"text-align: justify;\">Un \u201ccookie\u201d \u00e8 un piccolo file di testo creato da alcuni siti web sul computer dell\u2019utente al momento in cui questo accede ad un determinato sito, con lo scopo di immagazzinare e trasportare informazioni. I cookies sono inviati da un server web (che \u00e8 il computer sul quale \u00e8 in esecuzione il sito web visitato) al browser dell\u2019utente (Internet Explorer, Mozilla Firefox, Google Chrome, ecc.) e memorizzati sul computer di quest\u2019ultimo; vengono, quindi, re-inviati al sito web al momento delle visite successive.<\/li>\n<li style=\"text-align: justify;\">Alcune operazioni non potrebbero essere compiute senza l\u2019uso dei cookie, che, in alcuni casi, sono quindi tecnicamente necessari. In altri casi il sito visualizzato utilizza cookie per facilitare e agevolare la navigazione da parte dell\u2019utente o per consentire a questi di usufruire di servizi specificamente richiesti.<\/li>\n<li style=\"text-align: justify;\">I cookies possono rimanere nel sistema anche per lunghi periodi e possono contenere anche un codice identificativo unico. Ci\u00f2 consente ai siti che li utilizzano di tenere traccia della navigazione dell\u2019utente all\u2019interno del sito stesso, per finalit\u00e0 statistiche o pubblicitarie, per creare cio\u00e8 un profilo personalizzato dell\u2019utente a partire dalle pagine che lo stesso ha visitato e mostrargli e\/o inviargli quindi pubblicit\u00e0 mirate (c.d. Behavioural Advertising).<\/li>\n<\/ul>\n\n\n<p><strong>Cookies utilizzati in questo sito web<\/strong><\/p>\n\n\n<ul>\n<li style=\"text-align: justify;\">Questo sito Web utilizza esclusivamente cookies di sessione strettamente necessari per consentire specifiche funzioni richieste che garantiscono la normale navigazione e l&#8217;uso del sito Web rispetto ai quali, ai sensi dell\u2019art. 122 del codice privacy e del Provvedimento del Garante dell\u20198 maggio 2014, non \u00e8 richiesto alcun consenso da parte dell\u2019interessato<\/li>\n<\/ul>\n\n\n<p><\/p>\n\n\n\n<p><\/p>\n\n\n\n<h2><strong>Informazioni di contatto<\/strong><\/h2>\n\n\n<p>Titolare del trattamento:<\/p>\n<ul>\n<li>Consiglio Nazionale delle Ricerche (CNR), Piazzale Aldo Moro, 7 00185 (Italia)<\/li>\n<\/ul>\n<p>Responsabile del trattamento:<\/p>\n<ul>\n<li>\n<p data-rich-text-format-boundary=\"true\">Istituto di Scienze e Tecnologie per l&#8217;Energia e la Mobilit\u00e0 Sostenibili , direttore(at)stems.cnr.it<\/p>\n<\/li>\n<\/ul>\n<p>Responsabile per la protezione dei dati personali:<\/p>\n<ul>\n<li>rpd(at)cnr.it<\/li>\n<\/ul>\n\n\n<p><\/p>\n\n\n\n<h2><strong>Altre informazioni<\/strong><\/h2>\n\n\n\n<p>Questo sito \u00e8 collegato alla rete scientifica e accademica italiana, comunemente chiamata &#8220;rete GARR&#8221;. Tutti gli utenti sono fortemente tenuti a seguire la &#8220;GARR Acceptable Use Policy&#8221;(AUP), quando accedono a questo sito. Le home page personali sono sotto il diretto controllo e la responsabilit\u00e0 delle singole persone. Tutta l&#8217;attivit\u00e0 \u00e8 sotto la diretta supervisione del Direttore dell&#8217;Istituto.<\/p>\n\n\n\n<p><\/p>\n\n\n\n<p><\/p>\n\n\n\n<h2 class=\"block-editor-rich-text__editable block-editor-block-list__block wp-block is-selected is-hovered rich-text\" id=\"block-91fb0fcc-c398-4e58-877c-f81010124e6f\"><strong>Contenuto incorporato da altri siti web<\/strong><\/h2>\n\n\n<p style=\"text-align: justify;\">Gli articoli su questo sito possono includere contenuti incorporati (ad esempio video, immagini, articoli, ecc.). I contenuti incorporati da altri siti web si comportano esattamente allo stesso modo come se il visitatore avesse visitato l&#8217;altro sito web.<\/p>\n<p style=\"text-align: justify;\">Questi siti web possono raccogliere dati su di te, usare cookie, integrare ulteriori tracciamenti di terze parti e monitorare l&#8217;interazione con essi, incluso il tracciamento della tua interazione con il contenuto incorporato se hai un account e sei connesso a quei siti web.<\/p>\n\n\n<h3><\/h3>\n ","protected":false},"excerpt":{"rendered":"<p>La presente Privacy Policy \u00e8 resa nel rispetto dell\u2019articolo 13 del GDPR 2016\/679 (General Data Protection Regulation, Regolamento europeo in materia di protezione dei dati personali), della Raccomandazione n. 2\/2001 del Gruppo di lavoro ex art. 29 e del Provvedimento generale del Garante Privacy in materia di cookie dell\u20198 maggio 2014, n. 229. Informativa per<\/p>\n","protected":false},"author":1,"featured_media":0,"parent":0,"menu_order":0,"comment_status":"closed","ping_status":"closed","template":"page-fullwidth.php","meta":[],"_links":{"self":[{"href":"http:\/\/www.stems.cnr.it\/index.php?rest_route=\/wp\/v2\/pages\/3"}],"collection":[{"href":"http:\/\/www.stems.cnr.it\/index.php?rest_route=\/wp\/v2\/pages"}],"about":[{"href":"http:\/\/www.stems.cnr.it\/index.php?rest_route=\/wp\/v2\/types\/page"}],"author":[{"embeddable":true,"href":"http:\/\/www.stems.cnr.it\/index.php?rest_route=\/wp\/v2\/users\/1"}],"replies":[{"embeddable":true,"href":"http:\/\/www.stems.cnr.it\/index.php?rest_route=%2Fwp%2Fv2%2Fcomments&post=3"}],"version-history":[{"count":24,"href":"http:\/\/www.stems.cnr.it\/index.php?rest_route=\/wp\/v2\/pages\/3\/revisions"}],"predecessor-version":[{"id":2143,"href":"http:\/\/www.stems.cnr.it\/index.php?rest_route=\/wp\/v2\/pages\/3\/revisions\/2143"}],"wp:attachment":[{"href":"http:\/\/www.stems.cnr.it\/index.php?rest_route=%2Fwp%2Fv2%2Fmedia&parent=3"}],"curies":[{"name":"wp","href":"https:\/\/api.w.org\/{rel}","templated":true}]}}